{"id":10,"date":"2016-09-12T17:20:34","date_gmt":"2016-09-12T16:20:34","guid":{"rendered":"http:\/\/www.mesotabac.com\/?page_id=10"},"modified":"2016-11-16T17:41:50","modified_gmt":"2016-11-16T16:41:50","slug":"le-sevrage","status":"publish","type":"page","link":"https:\/\/www.mesotabac.com\/?page_id=10","title":{"rendered":"Le Sevrage"},"content":{"rendered":"<p><img loading=\"lazy\" decoding=\"async\" class=\"alignnone size-full wp-image-140\" src=\"http:\/\/www.mesotabac.com\/wp-content\/uploads\/2016\/10\/sport_sevrage.jpg\" alt=\"sport_sevrage\" width=\"1220\" height=\"220\" srcset=\"https:\/\/www.mesotabac.com\/wp-content\/uploads\/2016\/10\/sport_sevrage.jpg 1220w, https:\/\/www.mesotabac.com\/wp-content\/uploads\/2016\/10\/sport_sevrage-300x54.jpg 300w, https:\/\/www.mesotabac.com\/wp-content\/uploads\/2016\/10\/sport_sevrage-768x138.jpg 768w, https:\/\/www.mesotabac.com\/wp-content\/uploads\/2016\/10\/sport_sevrage-1024x185.jpg 1024w\" sizes=\"(max-width: 1220px) 100vw, 1220px\" \/><\/p>\n<h1><em>JE CIG&rsquo;ARRETE<\/em><\/h1>\n<blockquote><p><em>Pour le m\u00e9decin, le fumeur est celui qui consomme au moins 5 cigarettes par jour, seuil de risque statistique des diff\u00e9rentes pathologies.<\/em><\/p>\n<p><em>Pour celui qu&rsquo;int\u00e9resse une d\u00e9marche d&rsquo;aide \u00e0 une modification de comportement, le fumeur est celui qui a perdu la libert\u00e9 de s&rsquo;abstenir de fumer, qui privil\u00e9gie sa relation avec son produit malgr\u00e9 sa connaissance et sa conscience des risques, aux d\u00e9pens des autres relations.<\/em><\/p><\/blockquote>\n<table width=\"1220\">\n<tbody>\n<tr>\n<td style=\"width: 492.5px;\">\u00a0<em>Quelles que soient la ou les motivations du fumeur pour cesser son utilisation de cigarettes, <\/em><\/td>\n<td style=\"width: 492.5px;\"><\/td>\n<\/tr>\n<tr>\n<td style=\"width: 492.5px;\"><strong><em>4 grands principes sont n\u00e9cessaires pour r\u00e9ussir\u00a0:<\/em><\/strong><\/p>\n<p><strong><em>&#8211; Renforcer les motivations,<\/em><\/strong><\/p>\n<p><strong><em>&#8211; Respecter la libert\u00e9 de d\u00e9cision,<\/em><\/strong><\/p>\n<p><strong><em>&#8211; Apporter une aide technique et m\u00e9dicale \u00e0 l&rsquo;arr\u00eat du tabac,<\/em><\/strong><\/p>\n<p><strong><em>&#8211; Rechercher des compensations<\/em><\/strong><em>.<\/em><\/td>\n<td style=\"width: 492.5px;\">\u00a0<a href=\"http:\/\/www.mesotabac.com\/?attachment_id=148\" rel=\"lightbox\"><img loading=\"lazy\" decoding=\"async\" class=\"aligncenter wp-image-148\" src=\"http:\/\/www.mesotabac.com\/wp-content\/uploads\/2016\/10\/sev_011.jpg\" alt=\"sev_011\" width=\"500\" height=\"350\" srcset=\"https:\/\/www.mesotabac.com\/wp-content\/uploads\/2016\/10\/sev_011.jpg 1000w, https:\/\/www.mesotabac.com\/wp-content\/uploads\/2016\/10\/sev_011-300x210.jpg 300w, https:\/\/www.mesotabac.com\/wp-content\/uploads\/2016\/10\/sev_011-768x538.jpg 768w\" sizes=\"(max-width: 500px) 100vw, 500px\" \/><\/a><\/td>\n<\/tr>\n<tr>\n<td style=\"width: 492.5px;\">\u00a0<strong><em>MOTIVE OU NON ? LIBRE DE SA DECISION OU CONTRAINT DE S&rsquo;ARRETER ?<\/em><\/strong><\/td>\n<td style=\"width: 492.5px;\"><\/td>\n<\/tr>\n<tr>\n<td style=\"width: 492.5px;\">\u00a0<em>Ne pas confondre de bonnes raisons et une forte motivation. En bon h\u00e9ritier de Descartes, le raisonnement devrait suffire \u00e0 d\u00e9cider le fumeur \u00e0 s&rsquo;arr\u00eater de fumer ! Mais, \u00ab\u00a0le c\u0153ur a ses raisons, que la raison ignore\u00a0\u00bb\u00a0: c\u2019est \u00e0 dire que les r\u00e9cepteurs gouvernent.<\/em><\/td>\n<td style=\"width: 492.5px;\"><\/td>\n<\/tr>\n<\/tbody>\n<\/table>\n<blockquote><p><em>Il convient de prendre conscience de<strong> l&rsquo;INCOMPATIBILIT\u00c9<\/strong> entre<br \/>\n<\/em><\/p>\n<p><strong><em>d&rsquo;une part : le tabagisme et ses cons\u00e9quences<\/em><\/strong><em>, <\/em><\/p>\n<p><strong><em>et d&rsquo;autre part\u00a0: ses ambitions et ses projets<\/em><\/strong><em> :<\/em><\/p><\/blockquote>\n<p><em>&#8211; l&rsquo;image que l&rsquo;on souhaite donner de soi-m\u00eame,<\/em><\/p>\n<p><em>&#8211; le refus de se sentir diminu\u00e9,<\/em><\/p>\n<p><em>&#8211; le \u00ab\u00a0ras-le-bol\u00a0\u00bb de fumer\u00a0\u00bb et le refus de l&rsquo;esclavage,<\/em><\/p>\n<p><em>&#8211; tout ce qui <strong>sur le plan affectif<\/strong>, est inacceptable dans les cons\u00e9quences m\u00e9dicales et sociales dans sa consommation du tabac.<\/em><\/p>\n<p><strong><em>Exemples :<\/em><\/strong><\/p>\n<p><em>S&rsquo;\u00e9loigner d&rsquo;un groupe d&rsquo;amis pour fumer une cigarette,<\/em><\/p>\n<p><em>Tousser jusqu&rsquo;\u00e0 en r\u00e9veiller ses voisins,<\/em><\/p>\n<p><em>S&rsquo;\u00eatre entendu dire qu&rsquo;on sent mauvais !<\/em><\/p>\n<p><em>En fumer 10 ouvertement et 5 en cachette,<\/em><\/p>\n<p><em>Ne plus \u00eatre aussi performant,<\/em><\/p>\n<p><em>Rater une embauche,<\/em><\/p>\n<p><em>Tourner pendant une heure \u00e0 la recherche d&rsquo;une cigarette,<\/em><\/p>\n<p><em>Entendre ses enfants \u00ab\u00a0faire la morale\u00a0\u00bb etc&#8230;<\/em><\/p>\n<blockquote><p><strong><em>La libert\u00e9 de d\u00e9cision est une r\u00e8gle incontournable<\/em><\/strong><strong><em>, <\/em><\/strong><em>et pourtant pleine de nuances. Aucun individu n&rsquo;accepte qu&rsquo;un autre d\u00e9cide \u00e0 sa place de ses comportements, tabagisme y compris mais la zone c\u00e9r\u00e9brale principale concern\u00e9e n\u2019est pas la plus efficace en rapidit\u00e9 de d\u00e9cision\u00a0!<\/em><\/p>\n<p><em>\u00a0La prise en charge d&rsquo;une aide en mati\u00e8re de sevrage tabagique impose le profond respect de la libert\u00e9 d&rsquo;initiative. <strong>Le fumeur reste le principal acteur de son arr\u00eat<\/strong>, de sa prise de d\u00e9cision \u00e0 la recherche des compensations.<\/em><\/p>\n<p><strong><em>Pour assumer un acte, l&rsquo;homme doit \u00eatre en situation de pouvoir<\/em><\/strong><em>: pour d\u00e9cider d&rsquo;arr\u00eater de fumer, on doit \u00eatre libre de sa d\u00e9cision.<br \/>\n<\/em><\/p>\n<p><em>\u00ab\u00a0Ma famille, mes amis, mon m\u00e9decin peuvent avoir \u00e9voqu\u00e9 ce projet, mais <strong>JE<\/strong> d\u00e9cide\u00a0\u00bb.<\/em><\/p><\/blockquote>\n<p>&nbsp;<\/p>\n<table>\n<tbody>\n<tr>\n<td colspan=\"2\"><em><strong>LA DEPENDANCE PHYSIQUE ET SES TRAITEMENTS<\/strong><strong> :<\/strong><\/em><\/p>\n<p><em>Certaines substances chimiques dont la nicotine cr\u00e9ent une demande physique et psychique qui explique que peu de personnes (10%) soient susceptibles de ne fumer que quelques cigarettes par jour et que, progressivement, le taux de consommation augmente jusqu\u2019\u00e0 un niveau en rapport avec le nombre de r\u00e9cepteurs et d\u2019autres param\u00e8tres.<\/em><\/p>\n<p><em>Le m\u00e9decin calcule votre d\u00e9pendance.<\/em><\/p>\n<p><em>\u00a0Cons\u00e9cutivement, certaines r\u00e8gles sont n\u00e9cessaires :<\/em><\/p>\n<p><em>\u00a0<\/em><strong><em>Arr\u00eat imm\u00e9diat, car le sevrage ne d\u00e9bute qu\u2019 avec l\u2019absence de nicotine,<\/em><\/strong><\/p>\n<p><strong><em>Abandon de sa panoplie de fumeur,<\/em><\/strong><\/p>\n<p><em><strong>Cessation du caf\u00e9<\/strong><strong> qui peut \u00eatre un ennemi chimique et limitation de l&rsquo;alcool afin d&rsquo;\u00e9viter l&rsquo;association tentatrice, au moins pendant 10 \u00e0 15 jours,<\/strong><\/em><\/p>\n<p><strong><em>N\u00e9cessit\u00e9 de boire beaucoup d&rsquo;eau dans la journ\u00e9e,<\/em><\/strong><\/p>\n<p><strong><em>Boire un verre d&rsquo;eau, pratiquer 2 \u00e0 3 profonds mouvements respiratoires lors d&rsquo;une \u00e9ventuelle envie de fumer et sentir un parfum<\/em><\/strong><\/p>\n<p><em><strong>utiliser 3 granules de <\/strong><strong>tabacum<\/strong><strong> \u00e0 chaque fois si n\u00e9cessaire,<\/strong><\/em><\/p>\n<p><em><strong>Pratiquer une activit\u00e9 physique mod\u00e9r\u00e9e, adapt\u00e9e, chaque jour <\/strong>( cela permet en 3 semaines de fabriquer de la dopamine, substance de plaisir dans le cerveau, gr\u00e2ce \u00e0 l\u2019activit\u00e9 musculaire)<\/em><\/p>\n<p>&nbsp;<\/td>\n<\/tr>\n<tr>\n<td colspan=\"2\"><strong><em>LES TECHNIQUES<\/em><\/strong><strong><em> :<\/em><\/strong><\/p>\n<p><em>La m\u00e9soth\u00e9rapie est une technique qui a l&rsquo;avantage d&rsquo;\u00eatre extr\u00eamement rapide, majoritairement spectaculaire dans ses r\u00e9sultats, peu co\u00fbteuse.<\/em><\/p>\n<p><em>\u00a0Elle consiste \u00e0 injecter en des endroits de r\u00e9flexoth\u00e9rapie, un m\u00e9lange comportant un produit Pasteur et deux produits compl\u00e9mentaires stabilisant la nervosit\u00e9 et retardant sensiblement l&rsquo;\u00e9limination du m\u00e9lange. Elle se pratique en 1 s\u00e9ance pour 80 % des patients, 2 \u00e0 3 s\u00e9ances pour 20% des candidats au sevrage (avec, en cas de 3\u00e9me s\u00e9ance, la prescription d\u2019une th\u00e9rapeutique pr\u00e9alable compl\u00e9mentaire) et permet de bloquer l&rsquo;envie de cigarettes. La variation de poids est, en g\u00e9n\u00e9ral, peu notable (15% seulement des ex-fumeurs n\u00e9cessitent une surveillance pendant les 3 mois suivants).<\/em><\/p>\n<p><em>Nous pouvons aborder les techniques d\u2019hypnose, le Champix, les Patchs et pastilles, le Ziban.<\/em><\/p>\n<p><em>\u00a0<\/em><\/p>\n<p><em>Il serait regrettable de ne pas pers\u00e9v\u00e9rer sous pr\u00e9texte que tout n&rsquo;est pas parfait au bout d&rsquo;une consultation( 20% des cas). Comme si des ann\u00e9es d&rsquo;utilisation pouvaient\u00a0\u00bb toujours\u00a0!\u00a0\u00bb \u00eatre r\u00e9gl\u00e9es par un seul entretien \u2026Une s\u00e9ance compl\u00e9mentaire peut \u00eatre n\u00e9cessaire quelques jours , quelques semaines ou quelques mois plus tard.<\/em><\/p>\n<p><em>Souvenez vous que <strong>la reprise intempestive<\/strong> d\u2019une cigarette peut s\u2019effectuer par effet de groupe et peut aussi <strong>entra\u00eener une r\u00e9action de type naus\u00e9es , vertiges<\/strong>.<br \/>\n<\/em><\/p>\n<p><em>Et pourtant, ne plus se sentir d\u00e9pendant, permettre une meilleure image aupr\u00e8s de sa famille, \u00e9conomiser quelquefois un mois de travail par an, prot\u00e9ger sa sant\u00e9 de fa\u00e7on consid\u00e9rable sont des <strong>perspectives tr\u00e8s positives<\/strong>.<\/em><\/p>\n<p><em>Rappelons que 70000 d\u00e9c\u00e8s par an en France sont dus au tabac, dont plus de 25000 cancers du poumon, sans commune mesure avec le SIDA ou les accidents de la route dont on parle pourtant beaucoup.<\/em><\/td>\n<\/tr>\n<tr>\n<td colspan=\"2\"><strong><em>TROUVER UNE COMPENSATION : CLEF SUPPLEMENTAIRE DE LA REUSSITE<\/em><\/strong><strong><em> :<\/em><\/strong><\/p>\n<p><em>\u00a0Car fumer peut rendre deux formes de service !<\/em><\/p>\n<p><em>\u00a0<\/em><strong><em>Le premier : la recherche d&rsquo;un \u00e9quilibre dans les rythmes de la vie quotidienne<\/em><\/strong><strong><em> :<\/em><\/strong><\/p>\n<p><strong><em>\u00a0<\/em><\/strong><em>&#8211; Fumer peut \u00eatre un coupe-faim en cas de fringale surtout en l&rsquo;absence d&rsquo;un petit d\u00e9jeuner consistant.<\/em><\/p>\n<p><em>&#8211; Fumer peut \u00eatre stimulant en d\u00e9but de matin\u00e9e.<\/em><\/p>\n<p><em>&#8211; Fumer peut \u00eatre le calmant des moments de nervosit\u00e9.<\/em><\/p>\n<p><em>&#8211; Fumer peut \u00eatre l&rsquo;anxiolytique des p\u00e9riodes de \u00ab\u00a0stress\u00a0\u00bb en d\u00e9crochant le t\u00e9l\u00e9phone par exemple.<\/em><\/p>\n<p><em>&#8211; Fumer peut \u00eatre un rituel d&rsquo;endormissement.<\/em><\/p>\n<p><em>&#8211; Fumer peut \u00eatre l&rsquo;alternative \u00e0 l&rsquo;absence de vrais moments de d\u00e9tente dans la journ\u00e9e ou dans la semaine.<\/em><\/p>\n<p><em>&#8211; Fumer peut \u00eatre le moyen de \u00ab\u00a0tenir\u00a0\u00bb, press\u00e9 par la surcharge de travail, des responsabilit\u00e9s et des engagements divers.<\/em><\/p>\n<p><em>\u00a0<\/em><strong><em>Le second : les moyens d&rsquo;un mieux \u00eatre psychologique<\/em><\/strong><strong><em> :<\/em><\/strong><\/p>\n<p><em>&#8211; Fumer peut \u00eatre un plaisir, une r\u00e9compense, une contenance ou un palliatif dans une situation d&rsquo;angoisse, une relation sociale.<\/em><\/p>\n<p><em>On ne supprime pas un plaisir pour le n\u00e9ant\u00a0: il faut rechercher le plus efficacement possible les plaisirs compensateurs.<\/em><\/p>\n<p><strong><em>Le fumeur peut seul identifier les compensations possibles et ceci contribue \u00e0 la r\u00e9ussite du sevrage.<\/em><\/strong><\/p>\n<p>&nbsp;<\/p>\n<p><strong>10 ASTUCES POUR MOINS MANGER<\/strong>\u00a0:<\/p>\n<p>&nbsp;<\/p>\n<p><strong>1)\u00a0\u00a0\u00a0\u00a0\u00a0\u00a0 <\/strong><strong>Se servir dans des petites assiettes et ne pas se sentir oblig\u00e9 de finir. S\u2019imposer de laisser \u00ab\u00a0quelque chose\u00a0\u00bb.<\/strong><\/p>\n<p><strong>2)\u00a0\u00a0\u00a0\u00a0\u00a0\u00a0 <\/strong><strong>Retirer le plat de service de la table apr\u00e8s s\u2019\u00eatre servi.<\/strong><\/p>\n<p><strong>3)\u00a0\u00a0\u00a0\u00a0\u00a0\u00a0 <\/strong><strong>Jamais devant la t\u00e9l\u00e9 et mastiquer longuement, la sati\u00e9t\u00e9 n\u2019arrivant qu\u2019au bout d\u2019une \u00bd heure.<\/strong><\/p>\n<p><strong>4)\u00a0\u00a0\u00a0\u00a0\u00a0\u00a0 <\/strong><strong>Utiliser les baguettes asiatiques pour manger ( permet de ralentir l\u2019absorption et d\u2019arriver \u00e0 la sati\u00e9t\u00e9 c\u2019est \u00e0 dire de laisser le temps au cerveau de mettre le frein).<\/strong><\/p>\n<p><strong>5)\u00a0\u00a0\u00a0\u00a0\u00a0\u00a0 <\/strong><strong>Privil\u00e9gier les meilleurs rapports quantit\u00e9\/calories\u00a0: l\u00e9gumes.<\/strong><\/p>\n<p><strong>6)\u00a0\u00a0\u00a0\u00a0\u00a0\u00a0 <\/strong><strong>Privil\u00e9gier les \u00ab\u00a0croquants\u00a0\u00bb\u00a0: pommes crues, radis, choux, fenouil, carottes, crustac\u00e9s, mollusques.<\/strong><\/p>\n<p><strong>7)\u00a0\u00a0\u00a0\u00a0\u00a0\u00a0 <\/strong><strong>Possibilit\u00e9 d\u2019utiliser un go\u00fbter l\u00e9ger \u00e0 17h30 pour att\u00e9nuer le repas du soir.<\/strong><\/p>\n<p><strong>8)\u00a0\u00a0\u00a0\u00a0\u00a0\u00a0 <\/strong><strong>Plus je mange tard et plus je dors tard, plus je peux grossir.<\/strong><\/p>\n<p><strong>\u00a0<\/strong><\/p>\n<p><strong>cf.\u00a0: Le r\u00e9gime mastication\u00a0: Dr Arnaud COCAUL, \u00e9dition Souccar<\/strong><\/p>\n<p><em>\u00a0<\/em><\/p>\n<p><strong><em>CONCLUSION<\/em><\/strong><\/p>\n<p><strong><em>Notre attitude de Tabacologue consiste \u00e0 prendre en consid\u00e9ration votre demande et les diff\u00e9rentes strat\u00e9gies d\u2019aide que nous connaissons parfaitement sans rejeter aucune. Le choix se fera avec votre compr\u00e9hension et votre accord. Sachez en rediscuter<\/em><\/strong><strong><em>.<\/em><\/strong><\/p>\n<p><strong><em>De pr\u00e9c\u00e9dentes tentatives d&rsquo;arr\u00eat d&rsquo;utilisation du tabac n&rsquo;ayant pas abouti \u00e0 un r\u00e9sultat fiable, ne doivent pas laisser une note pessimiste, bien au contraire. On ne revient jamais en bas de l\u2019escalier. Chaque marche gravie est un progr\u00e8s et est une exp\u00e9rience pour mieux se pr\u00e9parer encore et pour aboutir \u00e0 une r\u00e9ussite qui ne peut exister, c&rsquo;est une v\u00e9rit\u00e9 de La Palice, que par une nouvelle d\u00e9cision. Toutes les \u00e9tudes montrent que, dans les situations les plus difficiles, chaque tentative bien conduite va \u00e9loigner de plus en plus le temps d\u2019une \u00e9ventuelle rechute et qu\u2019il est exceptionnel de rechuter apr\u00e8s 4 p\u00e9riodes de sevrage<\/em><\/strong><em>.<\/em><\/p>\n<p><em>\u00a0<\/em><\/p>\n<h3><em>MOTS &#8211; CLES<\/em><\/h3>\n<p><em>\u00a0<\/em><\/p>\n<p><strong><em>Motivation-libre d\u00e9cision-Aide pharmacologique<\/em><\/strong><\/p>\n<p><strong><em>Modification de quelques habitudes-Compensation<\/em><\/strong><\/td>\n<\/tr>\n<\/tbody>\n<\/table>\n<p>&nbsp;<\/p>\n","protected":false},"excerpt":{"rendered":"<p>JE CIG&rsquo;ARRETE Pour le m\u00e9decin, le fumeur est celui qui consomme au moins 5 cigarettes par jour, seuil de risque statistique des diff\u00e9rentes pathologies. Pour celui qu&rsquo;int\u00e9resse une d\u00e9marche d&rsquo;aide \u00e0 une modification de comportement, le fumeur est celui qui<\/p>\n","protected":false},"author":1,"featured_media":0,"parent":0,"menu_order":0,"comment_status":"closed","ping_status":"closed","template":"","meta":{"footnotes":""},"_links":{"self":[{"href":"https:\/\/www.mesotabac.com\/index.php?rest_route=\/wp\/v2\/pages\/10"}],"collection":[{"href":"https:\/\/www.mesotabac.com\/index.php?rest_route=\/wp\/v2\/pages"}],"about":[{"href":"https:\/\/www.mesotabac.com\/index.php?rest_route=\/wp\/v2\/types\/page"}],"author":[{"embeddable":true,"href":"https:\/\/www.mesotabac.com\/index.php?rest_route=\/wp\/v2\/users\/1"}],"replies":[{"embeddable":true,"href":"https:\/\/www.mesotabac.com\/index.php?rest_route=%2Fwp%2Fv2%2Fcomments&post=10"}],"version-history":[{"count":16,"href":"https:\/\/www.mesotabac.com\/index.php?rest_route=\/wp\/v2\/pages\/10\/revisions"}],"predecessor-version":[{"id":168,"href":"https:\/\/www.mesotabac.com\/index.php?rest_route=\/wp\/v2\/pages\/10\/revisions\/168"}],"wp:attachment":[{"href":"https:\/\/www.mesotabac.com\/index.php?rest_route=%2Fwp%2Fv2%2Fmedia&parent=10"}],"curies":[{"name":"wp","href":"https:\/\/api.w.org\/{rel}","templated":true}]}}