{"id":4,"date":"2016-09-12T17:18:24","date_gmt":"2016-09-12T16:18:24","guid":{"rendered":"http:\/\/www.mesotabac.com\/?page_id=4"},"modified":"2024-04-30T18:28:04","modified_gmt":"2024-04-30T17:28:04","slug":"accueil","status":"publish","type":"page","link":"https:\/\/www.mesotabac.com\/","title":{"rendered":"Accueil"},"content":{"rendered":"<h3><span class=\"c_titre_prune\">Centre d&rsquo;Aide au Sevrage du Tabac\u00a0\u00a0\u00a0\u00a0\u00a0\u00a0\u00a0\u00a0\u00a0\u00a0\u00a0\u00a0\u00a0\u00a0\u00a0\u00a0\u00a0\u00a0\u00a0\u00a0\u00a0\u00a0\u00a0\u00a0\u00a0\u00a0\u00a0\u00a0\u00a0\u00a0\u00a0\u00a0\u00a0\u00a0\u00a0\u00a0\u00a0\u00a0\u00a0\u00a0\u00a0\u00a0\u00a0\u00a0\u00a0\u00a0\u00a0\u00a0\u00a0\u00a0\u00a0\u00a0\u00a0\u00a0 <a href=\"https:\/\/www.doctolib.fr\/medecin-generaliste\/nantes\/cecile-reveillere\" data-wplink-edit=\"true\">Prise de Rendez-vous en ligne\u00a0 &gt;\u00a0 <\/a><a href=\"https:\/\/www.doctolib.fr\/medecin-generaliste\/nantes\/cecile-reveillere\" data-wplink-edit=\"true\"><img loading=\"lazy\" decoding=\"async\" class=\"alignnone size-full wp-image-176\" src=\"http:\/\/www.mesotabac.com\/wp-content\/uploads\/2017\/12\/logo_Doctolib.png\" alt=\"\" width=\"141\" height=\"64\" \/><\/a><br \/>\n<\/span><\/h3>\n<p><span class=\"c_stitre_gris\">Notre \u00e9quipe vous aide \u00e0 travers les techniques de M\u00e9soth\u00e9rapie,<\/span><\/p>\n<p>hypnoth\u00e9rapie, patchs, gommes, tablettes, m\u00e9dicaments, sophrologie&#8230;<\/p>\n<p><a href=\"http:\/\/pro.tabac-info-service.fr\/Moi-s-sans-tabac-un-defi-collectif-d-arret-du-tabac2\" target=\"_blank\" rel=\"noopener\">\u00ab\u00a0Moi(s) sans tabac\u00a0\u00bb , un d\u00e9fi collectif d&rsquo;arr\u00eat au tabac<br \/>\n<\/a><\/p>\n<p><a href=\"http:\/\/www.tabac-info-service.fr\/\" target=\"_blank\" rel=\"noopener\">En novembre, on arr\u00eate ensemble &#8230;<\/a><\/p>\n","protected":false},"excerpt":{"rendered":"<p>Centre d&rsquo;Aide au Sevrage du Tabac\u00a0\u00a0\u00a0\u00a0\u00a0\u00a0\u00a0\u00a0\u00a0\u00a0\u00a0\u00a0\u00a0\u00a0\u00a0\u00a0\u00a0\u00a0\u00a0\u00a0\u00a0\u00a0\u00a0\u00a0\u00a0\u00a0\u00a0\u00a0\u00a0\u00a0\u00a0\u00a0\u00a0\u00a0\u00a0\u00a0\u00a0\u00a0\u00a0\u00a0\u00a0\u00a0\u00a0\u00a0\u00a0\u00a0\u00a0\u00a0\u00a0\u00a0\u00a0\u00a0\u00a0\u00a0 Prise de Rendez-vous en ligne\u00a0 &gt;\u00a0 Notre \u00e9quipe vous aide \u00e0 travers les techniques de M\u00e9soth\u00e9rapie, hypnoth\u00e9rapie, patchs, gommes, tablettes, m\u00e9dicaments, sophrologie&#8230; \u00ab\u00a0Moi(s) sans tabac\u00a0\u00bb , un d\u00e9fi collectif d&rsquo;arr\u00eat au tabac En novembre,<\/p>\n","protected":false},"author":1,"featured_media":0,"parent":0,"menu_order":0,"comment_status":"closed","ping_status":"closed","template":"","meta":{"footnotes":""},"_links":{"self":[{"href":"https:\/\/www.mesotabac.com\/index.php?rest_route=\/wp\/v2\/pages\/4"}],"collection":[{"href":"https:\/\/www.mesotabac.com\/index.php?rest_route=\/wp\/v2\/pages"}],"about":[{"href":"https:\/\/www.mesotabac.com\/index.php?rest_route=\/wp\/v2\/types\/page"}],"author":[{"embeddable":true,"href":"https:\/\/www.mesotabac.com\/index.php?rest_route=\/wp\/v2\/users\/1"}],"replies":[{"embeddable":true,"href":"https:\/\/www.mesotabac.com\/index.php?rest_route=%2Fwp%2Fv2%2Fcomments&post=4"}],"version-history":[{"count":15,"href":"https:\/\/www.mesotabac.com\/index.php?rest_route=\/wp\/v2\/pages\/4\/revisions"}],"predecessor-version":[{"id":225,"href":"https:\/\/www.mesotabac.com\/index.php?rest_route=\/wp\/v2\/pages\/4\/revisions\/225"}],"wp:attachment":[{"href":"https:\/\/www.mesotabac.com\/index.php?rest_route=%2Fwp%2Fv2%2Fmedia&parent=4"}],"curies":[{"name":"wp","href":"https:\/\/api.w.org\/{rel}","templated":true}]}}