{"id":65,"date":"2016-09-21T08:37:30","date_gmt":"2016-09-21T07:37:30","guid":{"rendered":"http:\/\/www.mesotabac.com\/?page_id=65"},"modified":"2016-11-16T16:24:22","modified_gmt":"2016-11-16T15:24:22","slug":"tabacologie-2","status":"publish","type":"page","link":"https:\/\/www.mesotabac.com\/?page_id=65","title":{"rendered":"Tabacologie"},"content":{"rendered":"<p><img loading=\"lazy\" decoding=\"async\" class=\"wp-image-138 size-full aligncenter\" src=\"http:\/\/www.mesotabac.com\/wp-content\/uploads\/2016\/10\/sport_Tabacologie2.jpg\" width=\"1220\" height=\"220\" srcset=\"https:\/\/www.mesotabac.com\/wp-content\/uploads\/2016\/10\/sport_Tabacologie2.jpg 1220w, https:\/\/www.mesotabac.com\/wp-content\/uploads\/2016\/10\/sport_Tabacologie2-300x54.jpg 300w, https:\/\/www.mesotabac.com\/wp-content\/uploads\/2016\/10\/sport_Tabacologie2-768x138.jpg 768w, https:\/\/www.mesotabac.com\/wp-content\/uploads\/2016\/10\/sport_Tabacologie2-1024x185.jpg 1024w\" sizes=\"(max-width: 1220px) 100vw, 1220px\" \/><\/p>\n<blockquote><p>Objectif R\u00e9ussite<\/p>\n<p>Vous \u00eates seul d\u00e9cideur de votre arr\u00eat de tabac mais une aide est vraisemblablement n\u00e9cessaire. Interroger votre entourage, votre m\u00e9decin.<\/p><\/blockquote>\n<p>&nbsp;<\/p>\n<blockquote><p>Vaincre votre inqui\u00e9tude<\/p>\n<p>Utilisez des petits moyens compl\u00e9mentaires: boire abondamment, sentir plusieurs fois par jour un parmfum, une odeur, marcher 1\/2h\/ jour minimum &#8230;<\/p><\/blockquote>\n<h5>Addiction = assu\u00e9tude. \u00e9tymologie: asservissement par le corps<\/h5>\n<h5>Drogue: stimule directement ou indirectement le syst\u00e8me dopaminergique<\/h5>\n<h5>Plus le d\u00e9but est t\u00f4t, plus l\u2019accrochage est s\u00e9v\u00e8re .<\/h5>\n<h5>La passion l\u2019emporte sur la raison<\/h5>\n\t\t\t\t\n<p>&nbsp;<\/p>\n<p>&nbsp;<\/p>\n<p>&nbsp;<\/p>\n<div id=\"zone_mm710\">\n<div id=\"demos\"><\/div>\n<div>\n<p>&nbsp;<\/p>\n<div id=\"_mcePaste\" class=\"mcePaste\">\n<table border=\"0\" cellspacing=\"5\" cellpadding=\"5\">\n<tbody>\n<tr>\n<td class=\"c_titre_gris\" colspan=\"2\">TABAC\u00a0: EFFET DE GROUPE<\/td>\n<\/tr>\n<tr>\n<td colspan=\"2\"><span class=\"c_stitre_gris\">\u00a0<\/span><\/p>\n<p class=\"c_stitre_gris\">LE TABAC EST UNE MALADIE TR\u00c8S CONTAGIEUSE, L\u2019ARR\u00caT EST AUSSI CONTAGIEUX<\/p>\n<p class=\"c_stitre_gris\" align=\"center\">TANT MIEUX\u00a0!<\/p>\n<\/td>\n<\/tr>\n<tr>\n<td colspan=\"2\"><span class=\"c_stitre_gris\">\u00a0<\/span><\/td>\n<\/tr>\n<tr class=\"c_text_gris\">\n<td colspan=\"2\">&nbsp;<\/p>\n<p>Nous avons tous une tendance inn\u00e9e, primaire \u00e0 copier.<\/p>\n<p>Cette tendance est irraisonn\u00e9e, premi\u00e8re, issue peut &#8211; \u00eatre des temps lointains ou la n\u00e9cessit\u00e9 de fuir le danger \u00e9tait\u00a0 primordiale. Elle est aussi n\u00e9cessaire \u00e0 l\u2019apprentissage.<\/p>\n<p>Nous retrouvons cette tendance \u00e0 copier spontan\u00e9ment dans beaucoup de nos attitudes et en particulier dans la notion de mode, vestimentaire y compris.<\/p>\n<p>De m\u00eame, notre fort d\u00e9sir d&rsquo;appartenir\u00a0 et de s\u2019identifier \u00e0 un groupe\u00a0 nous incite \u00e0 copier, \u00e0 utiliser des rituels, nombreux et vari\u00e9s.<\/p>\n<p>Certains d&rsquo;entre nous, \u00e0 l&rsquo;adolescence, tireront quelques bouff\u00e9es et s&rsquo;arr\u00eateront. Ils ne reprendront jamais une consommation de cigarettes. On peut penser qu&rsquo;ils sont issus de famille peu ou non fumeuse.<\/p>\n<p>La majorit\u00e9 d&rsquo;entre nous consommera tr\u00e8s vite une cigarette par jour puis deux, trois etc.. Seul un sur dix\u00a0 d&rsquo;entre nous aura une consommation faible de moins de 5 cigarettes par jour, d\u00e9finitivement. 10 ans, 20 ans, plus tard cette personne restera, quelles que soient ses circonstances de vie, \u00e0 la m\u00eame consommation l\u00e9g\u00e8re.<\/p>\n<p>L&rsquo;immense majorit\u00e9 progressera in\u00e9luctablement au-dessus de 5 cigarettes par jour puis au-dessus de 10 cigarettes par jour\u00a0 (peu de personnes fument entre 5 et 10 cigarettes par jour.<\/p>\n<p>&nbsp;<\/p>\n<p>Le rythme de consommation journali\u00e8re s&rsquo;\u00e9tablira pour une majorit\u00e9 d&rsquo;entre nous entre 15 et 25 cigarettes par jour. Cette programmation de consommation est pr\u00e9-\u00e9tablie. Bien \u00e9videmment, il est plus facile de fumer dans certaines conditions ou certaines professions que dans d&rsquo;autres mais globalement le niveau actif de consommation journali\u00e8re restera d\u00e9finitivement acquis.<\/p>\n<p>&nbsp;<\/p>\n<p>Dans la majorit\u00e9 des cas, cet apprentissage journalier r\u00e9p\u00e9t\u00e9, it\u00e9ratif, entra\u00eenera un rythme que nous ne pourrons diminuer que partiellement, au plus \u00e0 50 % et temporairement, avec une reprise in\u00e9luctable du rythme ant\u00e9rieur.<\/p>\n<p>&nbsp;<\/p>\n<p>Aucun fumeur de plus de 10 cigarettes par jour ne peut esp\u00e9rer diminuer longuement \u00e0 moins de 5 cigarettes par jour. De m\u00eame, en cas de la reprise de consommation, apr\u00e8s arr\u00eat de cigarettes, le rythme redeviendra celui qui avait \u00e9t\u00e9 \u00e9tabli ant\u00e9rieurement. Comme nous avons appris \u00e0 pratiquer le v\u00e9lo, m\u00eame si nous arr\u00eatons pendant des ann\u00e9es, lorsque nous reprendrons l&rsquo;utilisation du v\u00e9lo, nous n&rsquo;aurons pas besoin de r\u00e9apprendre !<\/p>\n<p>Cette reprise ne se fait jamais avec une tr\u00e8s grande rapidit\u00e9 de quelques jours ni tr\u00e8s lente de quelques mois. Dans la majorit\u00e9 des cas, la consommation ant\u00e9rieure est retrouv\u00e9e en 2 \u00e0 6 semaines.<\/p>\n<p>&nbsp;<\/p>\n<p>C&rsquo;est dire que la reprise d&rsquo;une seule cigarette d\u00e9clenchera in\u00e9luctablement la tendance \u00e0 d\u00e9raper. Cette reprise sera d&rsquo;ailleurs dans la majorit\u00e9 des cas accompagn\u00e9e lors des jours suivants d&rsquo;une non consommation ou faible consommation, pseudo rassurante, avant la mont\u00e9e in\u00e9luctable du nombre de cigarettes journali\u00e8res consomm\u00e9es. Rappelons que nous avions \u00ab\u00a0 tir\u00e9\u00a0\u00bb sur une cigarette environ 12 fois\/ jour c\u2019est \u00e0 dire 250 fois\/ jour pour un fumeur de un paquet par jour\u00a0!<\/p>\n<p>&nbsp;<\/p>\n<p>La diminution tr\u00e8s progressive, spontan\u00e9e, personnelle de la consommation de cigarettes n&rsquo;est pas r\u00e9alisable dans l&rsquo;immense majorit\u00e9 des cas car l&rsquo;enregistreur qui re\u00e7oit l\u2019information de pr\u00e9sence de nicotine du matin au soir, pendant des jours, des mois, des ann\u00e9es, proc\u00e8de par effet du tout ou rien : il ne s&rsquo;agit pas d&rsquo;un moteur avec acc\u00e9l\u00e9rateur ou d\u00e9c\u00e9l\u00e9rateur, ni d&rsquo;un variateur de lumi\u00e8re mais d&rsquo;un interrupteur marche-arr\u00eat qui ne peut \u00eatre \u00e0 l&rsquo;arr\u00eat que lorsqu&rsquo;il n&rsquo;y a\u00a0 aucun apport de nicotine effectu\u00e9. M\u00eame dans une situation de baisse consid\u00e9rable de consommation journali\u00e8re \u00e0 2 ou 3 cigarettes par jour, l&rsquo;enregistreur \u00ab\u00a0tourne\u00a0\u00bb comme \u00e0 son niveau maximum et ne s&rsquo;\u00e9teint que lors de l&rsquo;absence totale de nicotine. Nous pourrions comparer cet effet \u00e0 un moteur d&rsquo;auto-tamponneuse qui persistera toute notre vie dans le cerveau. La reprise d&rsquo;une cigarette ou la remont\u00e9e dans l&rsquo;auto-tamponneuse avec le premier jeton-cigarette entra\u00eenera l&rsquo;ouverture de l&rsquo;interrupteur.<\/p>\n<p>&nbsp;<\/p>\n<p>10 % d&rsquo;entre nous sont non d\u00e9pendants. 40 \u00e0 60 % d&rsquo;entre nous sont d\u00e9pendants de fa\u00e7on moyenne. 25 \u00e0 30 pour cent d&rsquo;entre nous avons une d\u00e9pendance forte aux cigarettes.<\/p>\n<p>&nbsp;<\/p>\n<p>LE TABAGISME EN CHIFFRES<\/p>\n<p>&nbsp;<\/p>\n<p>Actuellement environ 70.000 d\u00e9c\u00e8s par an\u00a0 sont dus ou tabac, en France ( c\u2019est \u00e0 dire 70 000 retraites en moins \u00e0 verser).<\/p>\n<p>10 milliards d\u2019euros par an\u00a0: c\u2019est ce que co\u00fbte le tabac \u00e0 la S\u00e9cu par an.<\/p>\n<p>50 % des adultes de 18 \u00e0 24 ans fument.<\/p>\n<p>En 2025, il y aura environ 165.000 d\u00e9c\u00e8s par an dus au tabac.<\/p>\n<p>50 % des fumeurs sont d\u00e9c\u00e9d\u00e9s avant soixante-neuf ans.<\/p>\n<p>Entre 45 et 64 ans, 30 % des d\u00e9c\u00e8s sont dus au tabac.<\/p>\n<p>25 %\u00a0 des fumeuses fument pendant la grossesse, entra\u00eenant le risque de fausse couche, de naissance pr\u00e9matur\u00e9e et de la perte de poids pour l&rsquo;enfant ainsi que la baisse tr\u00e8s sensible des spermatozoides du gar\u00e7on \u00e0 l\u2019age adulte.<\/p>\n<p>Les risques de l&rsquo;entourage sont estim\u00e9s \u00e0 60 %\u00a0 des \u00e9v\u00e9nements en ORL pour les enfants, 25\u00a0 %\u00a0 de risque de cancer du poumon dans l&rsquo;environnement proche, et 30\u00a0 %\u00a0 de suppl\u00e9ment de risque d\u2019accident vasculaire c\u00e9r\u00e9bral pour l&rsquo;environnement proche aussi.<\/p>\n<p>&nbsp;<\/p>\n<p>Il y a 16 millions de fumeurs en France.<\/p>\n<p>On rep\u00e8re 3600 sortes de substances chimiques dans une cigarette!<\/p>\n<p>Il existe plus de 1500\u00a0 vari\u00e9t\u00e9s de plants de Tabac.<\/p>\n<p>En Angleterre on d\u00e9nombre 10% de m\u00e9decins fumeurs et aux Etats\u2011Unis seulement 5 %. ( plus de 30% en France&#8230;)<\/p>\n<p>&nbsp;<\/p>\n<p>Le tabac entra\u00eene des cons\u00e9quences principalement physiques, l\u2019alcool, des cons\u00e9quences physiques et psychiques, le haschisch ou shit, des cons\u00e9quences psychiques par accumulation\u00a0 ( \u00e9limination en plusieurs semaines) avec diminution de la m\u00e9moire imm\u00e9diate, limitation de la capacit\u00e9 sp\u00e9cifiquement humaine d\u2019anticipation, de projection, et incapacit\u00e9 \u00e0 acc\u00e9l\u00e9rer dans l\u2019activit\u00e9 intellectuelle lors des moments n\u00e9cessaires ( examens etc\u2026) sans possibilit\u00e9 significative de prise de conscience ( comme dans la consommation d\u2019alcool ou il n\u2019est gu\u00e8re possible de percevoir que la conduite avec 4 verres de vin par exemple, a diminu\u00e9 les r\u00e9flexes)<\/p>\n<p>&nbsp;<\/p>\n<p>L\u2019arr\u00eat de cigarettes est l\u2019histoire de la mont\u00e9e d\u2019un escalier \u00e0 quelques marches maximum\u00a0: Une rechute n\u2019est jamais la redescente en bas de l\u2019escalier. Chaque marche est fix\u00e9e dans la m\u00e9moire comme toute exp\u00e9rience et\u00a0 cet escalier ne comportera pas 10 \u00e0 20 marches.<\/p>\n<p>Plus on tente d\u2019arr\u00eater plus les rechutes seront \u00e9loign\u00e9es et plus la r\u00e9ussite d\u00e9finitive est assur\u00e9e.<br \/>\nAttirance r\u00e9ciproque&#8230;<\/p>\n<p>ARR\u00caT\u00a0\u00a0\u00a0\u00a0\u00a0\u00a0\u00a0\u00a0\u00a0\u00a0\u00a0\u00a0\u00a0\u00a0\u00a0 RECHUTE\u00a0\u00a0\u00a0\u00a0\u00a0\u00a0\u00a0\u00a0\u00a0\u00a0 R\u00c9USSITE \u00a0\u00a0\u00a0\u00a0\u00a0\u00a0\u00a0\u00a0\u00a0\u00a0\u00a0\u00a0\u00a0\u00a0\u00a0\u00a0\u00a0 EFFET DE GROUPE<\/p>\n<p>(Attention\u00a0: ligands du caf\u00e9 , du coca et de l\u2019alcool)<\/p>\n<p>&nbsp;<\/p>\n<p>&nbsp;<\/td>\n<\/tr>\n<\/tbody>\n<\/table>\n<\/div>\n<\/div>\n<\/div>\n<div id=\"footer\"><\/div>\n<p>&nbsp;<\/p>\n","protected":false},"excerpt":{"rendered":"<p>Objectif R\u00e9ussite Vous \u00eates seul d\u00e9cideur de votre arr\u00eat de tabac mais une aide est vraisemblablement n\u00e9cessaire. Interroger votre entourage, votre m\u00e9decin. &nbsp; Vaincre votre inqui\u00e9tude Utilisez des petits moyens compl\u00e9mentaires: boire abondamment, sentir plusieurs fois par jour un parmfum,<\/p>\n","protected":false},"author":1,"featured_media":0,"parent":0,"menu_order":0,"comment_status":"closed","ping_status":"closed","template":"","meta":{"footnotes":""},"_links":{"self":[{"href":"https:\/\/www.mesotabac.com\/index.php?rest_route=\/wp\/v2\/pages\/65"}],"collection":[{"href":"https:\/\/www.mesotabac.com\/index.php?rest_route=\/wp\/v2\/pages"}],"about":[{"href":"https:\/\/www.mesotabac.com\/index.php?rest_route=\/wp\/v2\/types\/page"}],"author":[{"embeddable":true,"href":"https:\/\/www.mesotabac.com\/index.php?rest_route=\/wp\/v2\/users\/1"}],"replies":[{"embeddable":true,"href":"https:\/\/www.mesotabac.com\/index.php?rest_route=%2Fwp%2Fv2%2Fcomments&post=65"}],"version-history":[{"count":36,"href":"https:\/\/www.mesotabac.com\/index.php?rest_route=\/wp\/v2\/pages\/65\/revisions"}],"predecessor-version":[{"id":139,"href":"https:\/\/www.mesotabac.com\/index.php?rest_route=\/wp\/v2\/pages\/65\/revisions\/139"}],"wp:attachment":[{"href":"https:\/\/www.mesotabac.com\/index.php?rest_route=%2Fwp%2Fv2%2Fmedia&parent=65"}],"curies":[{"name":"wp","href":"https:\/\/api.w.org\/{rel}","templated":true}]}}