{"id":8,"date":"2016-09-12T17:20:14","date_gmt":"2016-09-12T16:20:14","guid":{"rendered":"http:\/\/www.mesotabac.com\/?page_id=8"},"modified":"2016-11-16T17:43:16","modified_gmt":"2016-11-16T16:43:16","slug":"mesotherapie","status":"publish","type":"page","link":"https:\/\/www.mesotabac.com\/?page_id=8","title":{"rendered":"M\u00e9soth\u00e9rapie"},"content":{"rendered":"<p><img loading=\"lazy\" decoding=\"async\" class=\"wp-image-134 size-full\" src=\"http:\/\/www.mesotabac.com\/wp-content\/uploads\/2016\/10\/sport_Mesoth\u00e9rapie.jpg\" alt=\"sport_mesotherapie\" width=\"1220\" height=\"220\" srcset=\"https:\/\/www.mesotabac.com\/wp-content\/uploads\/2016\/10\/sport_Mesoth\u00e9rapie.jpg 1220w, https:\/\/www.mesotabac.com\/wp-content\/uploads\/2016\/10\/sport_Mesoth\u00e9rapie-300x54.jpg 300w, https:\/\/www.mesotabac.com\/wp-content\/uploads\/2016\/10\/sport_Mesoth\u00e9rapie-768x138.jpg 768w, https:\/\/www.mesotabac.com\/wp-content\/uploads\/2016\/10\/sport_Mesoth\u00e9rapie-1024x185.jpg 1024w\" sizes=\"(max-width: 1220px) 100vw, 1220px\" \/><\/p>\n<p>MESOTABAC &#8211; La m\u00e9soth\u00e9rapie\u00a0&#8230;<\/p>\n<p>La m\u00e9soth\u00e9rapie est actuellement pratiqu\u00e9e en France par 15\u00a0000 m\u00e9decins, aussi bien g\u00e9n\u00e9ralistes, que dermatologues ou encore m\u00e9decins sp\u00e9cialis\u00e9s en esth\u00e9tique.<\/p>\n<p>Mise au point dans les ann\u00e9es\u00a050 le Dr\u00a0Michel Pistor, son but premier est de toucher au plus pr\u00e8s le trouble ou la douleur \u00e0 traiter, avec un minimum d&rsquo;effets ind\u00e9sirables. L&rsquo;originalit\u00e9 de cette m\u00e9thode rel\u00e8ve de son mode d&rsquo;administration, qui consiste \u00e0 injecter localement et par voie intradermique (dans le derme, juste sous la partie superficielle de la peau) une substance m\u00e9dicamenteuse \u00e0 l&rsquo;aide d&rsquo;une seringue \u00e0 petite aiguille.<\/p>\n<p>Son int\u00e9r\u00eat r\u00e9side essentiellement dans l&rsquo;injection r\u00e9p\u00e9t\u00e9e et en faible quantit\u00e9 de produits habituellement utilis\u00e9s en m\u00e9decine g\u00e9n\u00e9rale (anti-inflammatoires, d\u00e9contracturants, vasodilatateurs\u2026) mais aussi de produits hom\u00e9opathiques et phytoth\u00e9rapiques. Elle est souvent utilis\u00e9e pour soigner entre autres les pathologies douloureuses r\u00e9sistantes aux traitements classiques (rhumatismes, migraines), les traumatismes sportifs (tendinites, claquages), les troubles de la circulation sanguine, certaines affections dermatologiques (zona, herp\u00e8s), les probl\u00e8mes respiratoires (asthme, bronchite) et constitue \u00e9galement une alternative \u00e0 la chirurgie esth\u00e9tique.<\/p>\n","protected":false},"excerpt":{"rendered":"<p>MESOTABAC &#8211; La m\u00e9soth\u00e9rapie\u00a0&#8230; La m\u00e9soth\u00e9rapie est actuellement pratiqu\u00e9e en France par 15\u00a0000 m\u00e9decins, aussi bien g\u00e9n\u00e9ralistes, que dermatologues ou encore m\u00e9decins sp\u00e9cialis\u00e9s en esth\u00e9tique. Mise au point dans les ann\u00e9es\u00a050 le Dr\u00a0Michel Pistor, son but premier est de toucher<\/p>\n","protected":false},"author":1,"featured_media":0,"parent":0,"menu_order":0,"comment_status":"closed","ping_status":"closed","template":"","meta":{"footnotes":""},"_links":{"self":[{"href":"https:\/\/www.mesotabac.com\/index.php?rest_route=\/wp\/v2\/pages\/8"}],"collection":[{"href":"https:\/\/www.mesotabac.com\/index.php?rest_route=\/wp\/v2\/pages"}],"about":[{"href":"https:\/\/www.mesotabac.com\/index.php?rest_route=\/wp\/v2\/types\/page"}],"author":[{"embeddable":true,"href":"https:\/\/www.mesotabac.com\/index.php?rest_route=\/wp\/v2\/users\/1"}],"replies":[{"embeddable":true,"href":"https:\/\/www.mesotabac.com\/index.php?rest_route=%2Fwp%2Fv2%2Fcomments&post=8"}],"version-history":[{"count":6,"href":"https:\/\/www.mesotabac.com\/index.php?rest_route=\/wp\/v2\/pages\/8\/revisions"}],"predecessor-version":[{"id":169,"href":"https:\/\/www.mesotabac.com\/index.php?rest_route=\/wp\/v2\/pages\/8\/revisions\/169"}],"wp:attachment":[{"href":"https:\/\/www.mesotabac.com\/index.php?rest_route=%2Fwp%2Fv2%2Fmedia&parent=8"}],"curies":[{"name":"wp","href":"https:\/\/api.w.org\/{rel}","templated":true}]}}